{"id":9411,"date":"2023-01-03T23:22:42","date_gmt":"2023-01-03T23:22:42","guid":{"rendered":"https:\/\/le3324.com\/?page_id=9411"},"modified":"2023-01-04T02:21:30","modified_gmt":"2023-01-04T02:21:30","slug":"espaces-a-louer","status":"publish","type":"page","link":"https:\/\/le3324.com\/index.php\/espaces-a-louer\/","title":{"rendered":"Espaces \u00e0 louer"},"content":{"rendered":"<div class=\"wpb-content-wrapper\"><p>[vc_row css=\u00a0\u00bb.vc_custom_1672797106528{margin-bottom: 0px !important;padding-top: 30px !important;padding-bottom: 0px !important;}\u00a0\u00bb][vc_column][vc_custom_heading text=\u00a0\u00bbVous recherchez un espace commercial ?\u00a0\u00bb font_container=\u00a0\u00bbtag:h1|font_size:36|text_align:left|color:%2313213c|line_height:1.2&Prime; google_fonts=\u00a0\u00bbfont_family:Lato%3A100%2C100italic%2C300%2C300italic%2Cregular%2Citalic%2C700%2C700italic%2C900%2C900italic|font_style:400%20regular%3A400%3Anormal\u00a0\u00bb][\/vc_column][\/vc_row][vc_row css=\u00a0\u00bb.vc_custom_1672798875774{padding-top: 0px !important;padding-bottom: 50px !important;}\u00a0\u00bb][vc_column width=\u00a0\u00bb1\/2&Prime;]<style type=\"text\/css\" >#ic_flecz0604fpaogbwkqe4 {margin:0px auto 0px; }#ic_flecz0604fpaogbwkqe4 .rd_img_carousel img,#ic_flecz0604fpaogbwkqe4 .rd_img_pager img{background:#ffffff; border-color:#ffffff;}<\/style><script type=\"text\/javascript\" charset=\"utf-8\">\r\n\t\tjQuery.noConflict();\r\n\t\/\/setup up Carousel\r\n\t\tjQuery(document).ready(function($) {\r\n\t\t\"use strict\";\r\n\r\n\t\t\t$(window).load(function(){\r\n\t\t\t\tvar $carousel = $(\"#ic_flecz0604fpaogbwkqe4 .rd_img_carousel\"),\r\n\t\t\t\t\t$pager = $(\"#ic_flecz0604fpaogbwkqe4 .rd_img_pager\");\r\n\t\t\t\t\t\r\n$(\"#ic_flecz0604fpaogbwkqe4 .rd_img_pager img\").each(function(i) {\r\n\t\t$(this).addClass( \"itm\"+i );\r\n\t\t\r\n\t\t\/* add onclick event to thumbnail to make the main \r\n\t\tcarousel scroll to the right slide*\/\r\n\t\t$(this).click(function() {\r\n\t\t\t$(\"#ic_flecz0604fpaogbwkqe4 .rd_img_carousel\").trigger( \"slideTo\", [i, 0, true] );\r\n\t\t\treturn false;\r\n\t\t});\r\n\t});\r\n\r\n\t\t$(\"#ic_flecz0604fpaogbwkqe4 .rd_img_pager img.itm0\").addClass( \"selected\" );\r\n\t\r\n\r\n\t\t\t\t$carousel.carouFredSel({\r\n\t\t\t\t\tsynchronise: [\"#ic_flecz0604fpaogbwkqe4 .rd_img_pager\", false], \r\n\t\t\t\t\tresponsive: true,\r\n\t\t\t\t\tauto: false,\r\n\t\t\t\t\tscroll: {\r\n\t\t\tfx: \"fade\",\r\n\t\t\tonBefore: function() {\r\n\t\t\t\t\/* Everytime the main slideshow changes, it check to \r\n\t\t\t\t\tmake sure thumbnail and page are displayed correctly *\/\r\n\t\t\t\t\/* Get the current position *\/\r\n\t\t\t\tvar pos = $(this).triggerHandler( \"currentPosition\" );\r\n\t\t\t\t\r\n\t\t\t\t\/* Reset and select the current thumbnail item *\/\r\n\t\t\t\t$(\"#ic_flecz0604fpaogbwkqe4 .rd_img_pager img\").removeClass( \"selected\" );\r\n\t\t\t\t$(\"#ic_flecz0604fpaogbwkqe4 .rd_img_pager img.itm\"+pos).addClass( \"selected\" );\r\n\r\n\t\t\t\t\/* Move the thumbnail to the right page *\/\r\n\t\t\t}},\r\n\t\t\t\t\twidth: \"100%\",\r\n        \t\t\theight: \"variable\",\r\n\t\t\t\t\titems: {\r\n\t\t\t\t\t\tvisible: 1,\r\n\t\t\t\t\t\theight: \"variable\",\r\n\t\t\t\t\t\t}\r\n\t\t\t\t\t\r\n\t\t\t\t\t\r\n\t\t\t\t\t\r\n\t\t\t\t});\r\n\t\t\t\t$pager.carouFredSel({\r\n\t\t\t\t\twidth: \"100%\",     \r\n\t\t\t\t\tauto: false,\r\n        \t\t\theight: \"variable\",\r\n\t\t\t\t\titems: {\r\n\t\t\t\t\t\theight: \"variable\",\r\n\t\t\t\t\t},\r\n\t\t\t\t});\r\n\t\t\t\t\r\n\t\t\t\t$(\"#ic_flecz0604fpaogbwkqe4 .rd_img_carousel\").css(\"opacity\",\"1\" );\r\n\t\t\t\t$(\"#ic_flecz0604fpaogbwkqe4 .rd_img_pager\").css(\"opacity\", \"1\" );\r\n\t\t\t\t\r\n\t\t\t\r\n$(\".woo_img_next\").click(function() { \r\n\t\t\t$(\"#ic_flecz0604fpaogbwkqe4 .rd_img_pager, #ic_flecz0604fpaogbwkqe4 .rd_img_carousel\").trigger( \"next\" ); \r\n\t\t});\r\n\t\t$(\".woo_img_prev\").click(function() { \r\n\t\t\t$(\"#ic_flecz0604fpaogbwkqe4 .rd_img_pager, #ic_flecz0604fpaogbwkqe4 .rd_img_carousel\").trigger( \"prev\" ); \r\n\t\t});\r\n\t\t\t\t});\r\n\t\t\t\t});\r\n\t<\/script><div class=\"rd_img_carousel_ctn rd_ic_tp\" id=\"ic_flecz0604fpaogbwkqe4\"><div class=\"rd_img_carousel\"><img loading=\"lazy\" decoding=\"async\" width=\"999\" height=\"666\" src=\"https:\/\/le3324.com\/wp-content\/uploads\/2023\/01\/taschereau-highlight-2.png\" class=\"attachment-large\" alt=\"\" title=\"taschereau-highlight-2\" srcset=\"https:\/\/le3324.com\/wp-content\/uploads\/2023\/01\/taschereau-highlight-2.png 999w, https:\/\/le3324.com\/wp-content\/uploads\/2023\/01\/taschereau-highlight-2-300x200.png 300w, https:\/\/le3324.com\/wp-content\/uploads\/2023\/01\/taschereau-highlight-2-768x512.png 768w\" sizes=\"auto, (max-width: 999px) 100vw, 999px\" \/><img loading=\"lazy\" decoding=\"async\" width=\"1024\" height=\"683\" src=\"https:\/\/le3324.com\/wp-content\/uploads\/2023\/01\/IMG_5952_1-scaled-1024x683.jpg\" class=\"attachment-large\" alt=\"\" title=\"IMG_5952_1\" srcset=\"https:\/\/le3324.com\/wp-content\/uploads\/2023\/01\/IMG_5952_1-scaled-1024x683.jpg 1024w, https:\/\/le3324.com\/wp-content\/uploads\/2023\/01\/IMG_5952_1-scaled-300x200.jpg 300w, https:\/\/le3324.com\/wp-content\/uploads\/2023\/01\/IMG_5952_1-768x512.jpg 768w, https:\/\/le3324.com\/wp-content\/uploads\/2023\/01\/IMG_5952_1-scaled-1536x1024.jpg 1536w, https:\/\/le3324.com\/wp-content\/uploads\/2023\/01\/IMG_5952_1-scaled-2048x1366.jpg 2048w\" sizes=\"auto, (max-width: 1024px) 100vw, 1024px\" \/><img loading=\"lazy\" decoding=\"async\" width=\"1024\" height=\"683\" src=\"https:\/\/le3324.com\/wp-content\/uploads\/2023\/01\/IMG_5936_1-scaled-1024x683.jpg\" class=\"attachment-large\" alt=\"\" title=\"IMG_5936_1\" srcset=\"https:\/\/le3324.com\/wp-content\/uploads\/2023\/01\/IMG_5936_1-scaled-1024x683.jpg 1024w, https:\/\/le3324.com\/wp-content\/uploads\/2023\/01\/IMG_5936_1-scaled-300x200.jpg 300w, https:\/\/le3324.com\/wp-content\/uploads\/2023\/01\/IMG_5936_1-768x512.jpg 768w, https:\/\/le3324.com\/wp-content\/uploads\/2023\/01\/IMG_5936_1-scaled-1536x1024.jpg 1536w, https:\/\/le3324.com\/wp-content\/uploads\/2023\/01\/IMG_5936_1-scaled-2048x1366.jpg 2048w\" sizes=\"auto, (max-width: 1024px) 100vw, 1024px\" \/><img loading=\"lazy\" decoding=\"async\" width=\"1024\" height=\"677\" src=\"https:\/\/le3324.com\/wp-content\/uploads\/2023\/01\/2020-0803_3D_Vue-3-scaled-1024x677.jpg\" class=\"attachment-large\" alt=\"\" title=\"2020-0803_3D_Vue-3\" srcset=\"https:\/\/le3324.com\/wp-content\/uploads\/2023\/01\/2020-0803_3D_Vue-3-scaled-1024x677.jpg 1024w, https:\/\/le3324.com\/wp-content\/uploads\/2023\/01\/2020-0803_3D_Vue-3-scaled-300x198.jpg 300w, https:\/\/le3324.com\/wp-content\/uploads\/2023\/01\/2020-0803_3D_Vue-3-768x508.jpg 768w, https:\/\/le3324.com\/wp-content\/uploads\/2023\/01\/2020-0803_3D_Vue-3-scaled-1536x1016.jpg 1536w, https:\/\/le3324.com\/wp-content\/uploads\/2023\/01\/2020-0803_3D_Vue-3-scaled-2048x1354.jpg 2048w\" sizes=\"auto, (max-width: 1024px) 100vw, 1024px\" \/><img loading=\"lazy\" decoding=\"async\" width=\"1024\" height=\"677\" src=\"https:\/\/le3324.com\/wp-content\/uploads\/2023\/01\/2020-0803_3D_Vue-4-scaled-1024x677.jpg\" class=\"attachment-large\" alt=\"\" title=\"2020-0803_3D_Vue-4\" srcset=\"https:\/\/le3324.com\/wp-content\/uploads\/2023\/01\/2020-0803_3D_Vue-4-scaled-1024x677.jpg 1024w, https:\/\/le3324.com\/wp-content\/uploads\/2023\/01\/2020-0803_3D_Vue-4-scaled-300x198.jpg 300w, https:\/\/le3324.com\/wp-content\/uploads\/2023\/01\/2020-0803_3D_Vue-4-768x508.jpg 768w, https:\/\/le3324.com\/wp-content\/uploads\/2023\/01\/2020-0803_3D_Vue-4-scaled-1536x1016.jpg 1536w, https:\/\/le3324.com\/wp-content\/uploads\/2023\/01\/2020-0803_3D_Vue-4-scaled-2048x1354.jpg 2048w\" sizes=\"auto, (max-width: 1024px) 100vw, 1024px\" \/><img loading=\"lazy\" decoding=\"async\" width=\"1024\" height=\"677\" src=\"https:\/\/le3324.com\/wp-content\/uploads\/2023\/01\/2020-0803_3D_Vue-1-scaled-1024x677.jpg\" class=\"attachment-large\" alt=\"\" title=\"2020-0803_3D_Vue-1\" srcset=\"https:\/\/le3324.com\/wp-content\/uploads\/2023\/01\/2020-0803_3D_Vue-1-scaled-1024x677.jpg 1024w, https:\/\/le3324.com\/wp-content\/uploads\/2023\/01\/2020-0803_3D_Vue-1-scaled-300x198.jpg 300w, https:\/\/le3324.com\/wp-content\/uploads\/2023\/01\/2020-0803_3D_Vue-1-768x508.jpg 768w, https:\/\/le3324.com\/wp-content\/uploads\/2023\/01\/2020-0803_3D_Vue-1-scaled-1536x1016.jpg 1536w, https:\/\/le3324.com\/wp-content\/uploads\/2023\/01\/2020-0803_3D_Vue-1-scaled-2048x1354.jpg 2048w\" sizes=\"auto, (max-width: 1024px) 100vw, 1024px\" \/><img loading=\"lazy\" decoding=\"async\" width=\"1024\" height=\"768\" src=\"https:\/\/le3324.com\/wp-content\/uploads\/2023\/01\/2020-0803_3D_Vue-5-1024x768.jpg\" class=\"attachment-large\" alt=\"\" title=\"2020-0803_3D_Vue-5\" srcset=\"https:\/\/le3324.com\/wp-content\/uploads\/2023\/01\/2020-0803_3D_Vue-5-1024x768.jpg 1024w, https:\/\/le3324.com\/wp-content\/uploads\/2023\/01\/2020-0803_3D_Vue-5-300x225.jpg 300w, https:\/\/le3324.com\/wp-content\/uploads\/2023\/01\/2020-0803_3D_Vue-5-768x576.jpg 768w, https:\/\/le3324.com\/wp-content\/uploads\/2023\/01\/2020-0803_3D_Vue-5-1536x1152.jpg 1536w, https:\/\/le3324.com\/wp-content\/uploads\/2023\/01\/2020-0803_3D_Vue-5.jpg 2048w\" sizes=\"auto, (max-width: 1024px) 100vw, 1024px\" \/><\/div><div class=\"rd_img_pager\"><div><img decoding=\"async\" class=\"\" src=\"https:\/\/le3324.com\/wp-content\/uploads\/2023\/01\/taschereau-highlight-2-200x200.png\" width=\"200\" height=\"200\" alt=\"taschereau-highlight-2\" title=\"taschereau-highlight-2\" loading=\"lazy\" \/><\/div><div><img decoding=\"async\" class=\"\" src=\"https:\/\/le3324.com\/wp-content\/uploads\/2023\/01\/IMG_5952_1-scaled-200x200.jpg\" width=\"200\" height=\"200\" alt=\"IMG_5952_1\" title=\"IMG_5952_1\" loading=\"lazy\" \/><\/div><div><img decoding=\"async\" class=\"\" src=\"https:\/\/le3324.com\/wp-content\/uploads\/2023\/01\/IMG_5936_1-scaled-200x200.jpg\" width=\"200\" height=\"200\" alt=\"IMG_5936_1\" title=\"IMG_5936_1\" loading=\"lazy\" \/><\/div><div><img decoding=\"async\" class=\"\" src=\"https:\/\/le3324.com\/wp-content\/uploads\/2023\/01\/2020-0803_3D_Vue-3-scaled-200x200.jpg\" width=\"200\" height=\"200\" alt=\"2020-0803_3D_Vue-3\" title=\"2020-0803_3D_Vue-3\" loading=\"lazy\" \/><\/div><div><img decoding=\"async\" class=\"\" src=\"https:\/\/le3324.com\/wp-content\/uploads\/2023\/01\/2020-0803_3D_Vue-4-scaled-200x200.jpg\" width=\"200\" height=\"200\" alt=\"2020-0803_3D_Vue-4\" title=\"2020-0803_3D_Vue-4\" loading=\"lazy\" \/><\/div><div><img decoding=\"async\" class=\"\" src=\"https:\/\/le3324.com\/wp-content\/uploads\/2023\/01\/2020-0803_3D_Vue-1-scaled-200x200.jpg\" width=\"200\" height=\"200\" alt=\"2020-0803_3D_Vue-1\" title=\"2020-0803_3D_Vue-1\" loading=\"lazy\" \/><\/div><div><img decoding=\"async\" class=\"\" src=\"https:\/\/le3324.com\/wp-content\/uploads\/2023\/01\/2020-0803_3D_Vue-5-200x200.jpg\" width=\"200\" height=\"200\" alt=\"2020-0803_3D_Vue-5\" title=\"2020-0803_3D_Vue-5\" loading=\"lazy\" \/><\/div><\/div><\/div>[\/vc_column][vc_column width=\u00a0\u00bb1\/2&Prime; css=\u00a0\u00bb.vc_custom_1672798886687{margin-top: 10px !important;}\u00a0\u00bb][vc_custom_heading text=\u00a0\u00bbNum\u00e9ro MLS\u00ae : 10044023&Prime; font_container=\u00a0\u00bbtag:div|font_size:18|text_align:left|color:%2313213c|line_height:1.2&Prime; google_fonts=\u00a0\u00bbfont_family:Lato%3A100%2C100italic%2C300%2C300italic%2Cregular%2Citalic%2C700%2C700italic%2C900%2C900italic|font_style:400%20regular%3A400%3Anormal\u00a0\u00bb][vc_column_text]<strong>NOUVEAU!<\/strong> Flexibilit\u00e9 d&rsquo;am\u00e9nagement unique! Ayez tous les regards sur vous! Grand local id\u00e9al pour bureaux, salle de montre ou clinique. B\u00e2timent tout de briques et de pierres. Strat\u00e9giquement bien situ\u00e9 sur le boulevard Taschereau entre les ponts Jacques-Cartier et Champlain. \u00c0 600 m\u00e8tres de l&rsquo;h\u00f4pital Charles LeMoyne. Judicieusement situ\u00e9 sur le boulevard commercial le plus achaland\u00e9 du Qu\u00e9bec!<\/p>\n<p><em>TPS\/TVQ doivent \u00eatre ajout\u00e9es au prix demand\u00e9 (35143500)<\/em>[\/vc_column_text]<style type=\"text\/css\" >#b_u3w03q5vw9m9lvjbtg15 a{color:#ffffff; background:#13213c; margin-top:0px; margin-bottom:0px;  margin-left:0px; margin-right:0px; font-weight:500; border-radius:0px;}#b_u3w03q5vw9m9lvjbtg15 a:hover{color:#ffffff ; background:#102860 ;}<\/style><div class=\"ta_left tf_btn_pos\" id=\"b_u3w03q5vw9m9lvjbtg15\" ><a class=\"rd_normal_bt small_rd_bt  \" href=\"https:\/\/nosadresses.com\/fr\/cti-property\/10044023-3324-boul-taschereau-j4v2h6\/\" target=\"yes\"   >Voir l&rsquo;inscription d\u00e9taill\u00e9<\/a><\/div>[vc_column_text css=\u00a0\u00bb.vc_custom_1672796822681{margin-top: 10px !important;}\u00a0\u00bb]<a href=\"https:\/\/www.centris.ca\/fr\/local-commercial~a-louer~longueuil-greenfield-park\/10044023?view=Summary&amp;uc=0\">centris.ca<\/a> | <a href=\"https:\/\/www.realtor.ca\/immobilier\/25099477\/3324-boul-taschereau-longueuil-greenfield-park\">realtor.ca<\/a>[\/vc_column_text][\/vc_column][\/vc_row][vc_row type=\u00a0\u00bbfull-width-section\u00a0\u00bb css=\u00a0\u00bb.vc_custom_1672797305346{padding-top: 50px !important;padding-bottom: 0px !important;background-color: #f7f7fc !important;}\u00a0\u00bb][vc_column width=\u00a0\u00bb1\/4&Prime;]<style type=\"text\/css\" >#rand_i9nyxvg50nr49pznbtxp {margin-top:0px; margin-bottom:20px; }<\/style><style type='text\/css'> @font-face{font-family: 'bk'; src:url('https:\/\/le3324.com\/wp-content\/themes\/thefox\/includes\/4k-icons\/icons\/4k-icons-pack01\/icons\/fonts\/bk.eot'); src:url('https:\/\/le3324.com\/wp-content\/themes\/thefox\/includes\/4k-icons\/icons\/4k-icons-pack01\/icons\/fonts\/bk.eot?#iefix') format('embedded-opentype'), url('https:\/\/le3324.com\/wp-content\/themes\/thefox\/includes\/4k-icons\/icons\/4k-icons-pack01\/icons\/fonts\/bk.woff') format('woff'), url('https:\/\/le3324.com\/wp-content\/themes\/thefox\/includes\/4k-icons\/icons\/4k-icons-pack01\/icons\/fonts\/bk.ttf') format('truetype'), url('https:\/\/le3324.com\/wp-content\/themes\/thefox\/includes\/4k-icons\/icons\/4k-icons-pack01\/icons\/fonts\/bk.svg#oi') format('svg'); font-weight: normal; font-style: normal;}#rand_i9nyxvg50nr49pznbtxp .bk-square:before{font-family: 'bk'; font-weight: normal; font-style: normal;}#rand_i9nyxvg50nr49pznbtxp .bk-square:before{content: \"\\e105\";}<\/style>\n<div id=\"rand_i9nyxvg50nr49pznbtxp\" class=\"icon_box \"><i class=\"bk-square\" style=\"color:#13213c;\"><\/i><h3 class=\"mi_heading\" style=\"color:#222533;\">Jusqu'\u00e0 3400 pieds carr\u00e9s<\/h3><p style=\"color:#020304\"><\/p><\/div>[\/vc_column][vc_column width=\u00a0\u00bb1\/4&Prime;]<style type=\"text\/css\" >#rand_cqfeovbn2cyusbwq5x2f {margin-top:0px; margin-bottom:20px; }<\/style><style type='text\/css'> @font-face{font-family: 'bk'; src:url('https:\/\/le3324.com\/wp-content\/themes\/thefox\/includes\/4k-icons\/icons\/4k-icons-pack01\/icons\/fonts\/bk.eot'); src:url('https:\/\/le3324.com\/wp-content\/themes\/thefox\/includes\/4k-icons\/icons\/4k-icons-pack01\/icons\/fonts\/bk.eot?#iefix') format('embedded-opentype'), url('https:\/\/le3324.com\/wp-content\/themes\/thefox\/includes\/4k-icons\/icons\/4k-icons-pack01\/icons\/fonts\/bk.woff') format('woff'), url('https:\/\/le3324.com\/wp-content\/themes\/thefox\/includes\/4k-icons\/icons\/4k-icons-pack01\/icons\/fonts\/bk.ttf') format('truetype'), url('https:\/\/le3324.com\/wp-content\/themes\/thefox\/includes\/4k-icons\/icons\/4k-icons-pack01\/icons\/fonts\/bk.svg#oi') format('svg'); font-weight: normal; font-style: normal;}#rand_cqfeovbn2cyusbwq5x2f .bk-direction:before{font-family: 'bk'; font-weight: normal; font-style: normal;}#rand_cqfeovbn2cyusbwq5x2f .bk-direction:before{content: \"\\e079\";}<\/style>\n<div id=\"rand_cqfeovbn2cyusbwq5x2f\" class=\"icon_box \"><i class=\"bk-direction\" style=\"color:#13213c;\"><\/i><h3 class=\"mi_heading\" style=\"color:#222533;\">Espaces bureaux et commerciaux<\/h3><p style=\"color:#020304\"><\/p><\/div>[\/vc_column][vc_column width=\u00a0\u00bb1\/4&Prime;]<style type=\"text\/css\" >#rand_arhsutc957f3m58hwvkz {margin-top:0px; margin-bottom:20px; }<\/style><style type='text\/css'> @font-face{font-family: 'bk'; src:url('https:\/\/le3324.com\/wp-content\/themes\/thefox\/includes\/4k-icons\/icons\/4k-icons-pack01\/icons\/fonts\/bk.eot'); src:url('https:\/\/le3324.com\/wp-content\/themes\/thefox\/includes\/4k-icons\/icons\/4k-icons-pack01\/icons\/fonts\/bk.eot?#iefix') format('embedded-opentype'), url('https:\/\/le3324.com\/wp-content\/themes\/thefox\/includes\/4k-icons\/icons\/4k-icons-pack01\/icons\/fonts\/bk.woff') format('woff'), url('https:\/\/le3324.com\/wp-content\/themes\/thefox\/includes\/4k-icons\/icons\/4k-icons-pack01\/icons\/fonts\/bk.ttf') format('truetype'), url('https:\/\/le3324.com\/wp-content\/themes\/thefox\/includes\/4k-icons\/icons\/4k-icons-pack01\/icons\/fonts\/bk.svg#oi') format('svg'); font-weight: normal; font-style: normal;}#rand_arhsutc957f3m58hwvkz .bk-car:before{font-family: 'bk'; font-weight: normal; font-style: normal;}#rand_arhsutc957f3m58hwvkz .bk-car:before{content: \"\\e124\";}<\/style>\n<div id=\"rand_arhsutc957f3m58hwvkz\" class=\"icon_box \"><i class=\"bk-car\" style=\"color:#13213c;\"><\/i><h3 class=\"mi_heading\" style=\"color:#222533;\">Vaste stationnement<\/h3><p style=\"color:#020304\"><\/p><\/div>[\/vc_column][vc_column width=\u00a0\u00bb1\/4&Prime;]<style type=\"text\/css\" >#rand_izlsa0cok647nw1s9jus {margin-top:0px; margin-bottom:20px; }<\/style><style type='text\/css'> @font-face{font-family: 'bk'; src:url('https:\/\/le3324.com\/wp-content\/themes\/thefox\/includes\/4k-icons\/icons\/4k-icons-pack01\/icons\/fonts\/bk.eot'); src:url('https:\/\/le3324.com\/wp-content\/themes\/thefox\/includes\/4k-icons\/icons\/4k-icons-pack01\/icons\/fonts\/bk.eot?#iefix') format('embedded-opentype'), url('https:\/\/le3324.com\/wp-content\/themes\/thefox\/includes\/4k-icons\/icons\/4k-icons-pack01\/icons\/fonts\/bk.woff') format('woff'), url('https:\/\/le3324.com\/wp-content\/themes\/thefox\/includes\/4k-icons\/icons\/4k-icons-pack01\/icons\/fonts\/bk.ttf') format('truetype'), url('https:\/\/le3324.com\/wp-content\/themes\/thefox\/includes\/4k-icons\/icons\/4k-icons-pack01\/icons\/fonts\/bk.svg#oi') format('svg'); font-weight: normal; font-style: normal;}#rand_izlsa0cok647nw1s9jus .bk-map:before{font-family: 'bk'; font-weight: normal; font-style: normal;}#rand_izlsa0cok647nw1s9jus .bk-map:before{content: \"\\e07a\";}<\/style>\n<div id=\"rand_izlsa0cok647nw1s9jus\" class=\"icon_box \"><i class=\"bk-map\" style=\"color:#13213c;\"><\/i><h3 class=\"mi_heading\" style=\"color:#222533;\">10 minutes des ponts<\/h3><p style=\"color:#020304\"><\/p><\/div>[\/vc_column][\/vc_row][vc_row css=\u00a0\u00bb.vc_custom_1672795910287{padding-top: 50px !important;padding-bottom: 100px !important;}\u00a0\u00bb][vc_column width=\u00a0\u00bb1\/2&Prime;][vc_custom_heading text=\u00a0\u00bbConditions\u00a0\u00bb font_container=\u00a0\u00bbtag:h4|font_size:16|text_align:left|color:%2313213c|line_height:1.2&Prime; google_fonts=\u00a0\u00bbfont_family:Lato%3A100%2C100italic%2C300%2C300italic%2Cregular%2Citalic%2C700%2C700italic%2C900%2C900italic|font_style:400%20regular%3A400%3Anormal\u00a0\u00bb][vc_column_text]<strong>Inclusions :<\/strong> Taxes municipales et scolaires, frais d\u2019exploitation de l\u2019immeuble, \u00e9nergie.<br \/>\n<strong>Exclusions :<\/strong> Entretien m\u00e9nager des lieux lou\u00e9s, TPS, TVQ<br \/>\n<strong>Am\u00e9nagements inclus :<\/strong> \u00c0 d\u00e9terminer<br \/>\n<strong>Dur\u00e9e de bail minimale :<\/strong> \u00c0 d\u00e9terminer<\/p>\n<p><em>Loyers demand\u00e9s varient g\u00e9n\u00e9ralement en fonction de la dur\u00e9e de bail et des am\u00e9nagements requis.<\/em>[\/vc_column_text][vc_custom_heading text=\u00a0\u00bbD\u00e9mographie\u00a0\u00bb font_container=\u00a0\u00bbtag:h4|font_size:16|text_align:left|color:%2313213c|line_height:1.2&Prime; google_fonts=\u00a0\u00bbfont_family:Lato%3A100%2C100italic%2C300%2C300italic%2Cregular%2Citalic%2C700%2C700italic%2C900%2C900italic|font_style:400%20regular%3A400%3Anormal\u00a0\u00bb][vc_column_text]<strong>Population :<\/strong> 16 733<br \/>\n<strong>\u00c2ge moyen :<\/strong> 47 ans<br \/>\n<strong>Revenu moyen :<\/strong> 98 918<br \/>\n<strong>Top 3 industries :<\/strong> Soins de la sant\u00e9, commerce de d\u00e9tail et manufacturier[\/vc_column_text][\/vc_column][vc_column width=\u00a0\u00bb1\/2&Prime;][vc_single_image image=\u00a0\u00bb9447&Prime; img_size=\u00a0\u00bbfull\u00a0\u00bb alignment=\u00a0\u00bbcenter\u00a0\u00bb][vc_gmaps link=\u00a0\u00bb#E-8_JTNDaWZyYW1lJTIwc3JjJTNEJTIyaHR0cHMlM0ElMkYlMkZ3d3cuZ29vZ2xlLmNvbSUyRm1hcHMlMkZlbWJlZCUzRnBiJTNEJTIxMW0xNCUyMTFtOCUyMTFtMyUyMTFkMTExODcuMjMxOTc4NTkzNTE0JTIxMmQtNzMuNDgwNjI5NiUyMTNkNDUuNDkzODExMSUyMTNtMiUyMTFpMTAyNCUyMTJpNzY4JTIxNGYxMy4xJTIxM20zJTIxMW0yJTIxMXMweDAlMjUzQTB4YzE4MjAyMWJkYzZmOTg2MCUyMTJzU3RvcmVzJTI1MjBQYXJlbnQlMjE1ZTAlMjEzbTIlMjExc2ZyJTIxMnNjYSUyMTR2MTY3Mjc5ODQ3ODMwNSUyMTVtMiUyMTFzZnIlMjEyc2NhJTIyJTIwd2lkdGglM0QlMjI2MDAlMjIlMjBoZWlnaHQlM0QlMjIyMjAlMjIlMjBzdHlsZSUzRCUyMmJvcmRlciUzQTAlM0IlMjIlMjBhbGxvd2Z1bGxzY3JlZW4lM0QlMjIlMjIlMjBsb2FkaW5nJTNEJTIybGF6eSUyMiUyMHJlZmVycmVycG9saWN5JTNEJTIybm8tcmVmZXJyZXItd2hlbi1kb3duZ3JhZGUlMjIlM0UlM0MlMkZpZnJhbWUlM0U=\u00a0\u00bb][\/vc_column][\/vc_row][vc_row][vc_column width=\u00a0\u00bb1\/4&Prime;][vc_single_image image=\u00a0\u00bb9461&Prime; img_size=\u00a0\u00bbfull\u00a0\u00bb][\/vc_column][vc_column width=\u00a0\u00bb1\/4&Prime;][vc_single_image image=\u00a0\u00bb9464&Prime; img_size=\u00a0\u00bbfull\u00a0\u00bb][\/vc_column][vc_column width=\u00a0\u00bb1\/2&Prime;][vc_column_text]<\/p>\n<h4>Nabil Glenza<\/h4>\n<p>Courtier immobilier r\u00e9sidentiel et commercial<\/p>\n<p><a href=\"tel:+5145788929\">(514) 578-8929<\/a><br \/>\n<a href=\"mailto:nglenza@yahoo.com\">nglenza@yahoo.com<\/a>[\/vc_column_text][\/vc_column][\/vc_row]<\/p>\n<\/div>","protected":false},"excerpt":{"rendered":"<p>[vc_row css=\u00a0\u00bb.vc_custom_1672797106528{margin-bottom: 0px !important;padding-top: 30px !important;padding-bottom: 0px !important;}\u00a0\u00bb][vc_column][vc_custom_heading text=\u00a0\u00bbVous recherchez un espace commercial ?\u00a0\u00bb font_container=\u00a0\u00bbtag:h1|font_size:36|text_align:left|color:%2313213c|line_height:1.2&Prime; google_fonts=\u00a0\u00bbfont_family:Lato%3A100%2C100italic%2C300%2C300italic%2Cregular%2Citalic%2C700%2C700italic%2C900%2C900italic|font_style:400%20regular%3A400%3Anormal\u00a0\u00bb][\/vc_column][\/vc_row][vc_row css=\u00a0\u00bb.vc_custom_1672798875774{padding-top: 0px !important;padding-bottom: 50px !important;}\u00a0\u00bb][vc_column width=\u00a0\u00bb1\/2&Prime;][\/vc_column][vc_column width=\u00a0\u00bb1\/2&Prime; css=\u00a0\u00bb.vc_custom_1672798886687{margin-top: 10px !important;}\u00a0\u00bb][vc_custom_heading text=\u00a0\u00bbNum\u00e9ro MLS\u00ae : 10044023&Prime; font_container=\u00a0\u00bbtag:div|font_size:18|text_align:left|color:%2313213c|line_height:1.2&Prime; google_fonts=\u00a0\u00bbfont_family:Lato%3A100%2C100italic%2C300%2C300italic%2Cregular%2Citalic%2C700%2C700italic%2C900%2C900italic|font_style:400%20regular%3A400%3Anormal\u00a0\u00bb][vc_column_text]NOUVEAU! Flexibilit\u00e9 d&rsquo;am\u00e9nagement unique! Ayez tous les regards sur vous! Grand local id\u00e9al pour bureaux, salle de montre ou clinique. B\u00e2timent tout de briques<br \/><a href=\"https:\/\/le3324.com\/index.php\/espaces-a-louer\/\" class=\"more\">Read more<\/a><\/p>\n","protected":false},"author":1,"featured_media":0,"parent":0,"menu_order":0,"comment_status":"closed","ping_status":"closed","template":"","meta":{"footnotes":""},"class_list":["post-9411","page","type-page","status-publish","hentry"],"_links":{"self":[{"href":"https:\/\/le3324.com\/index.php\/wp-json\/wp\/v2\/pages\/9411","targetHints":{"allow":["GET"]}}],"collection":[{"href":"https:\/\/le3324.com\/index.php\/wp-json\/wp\/v2\/pages"}],"about":[{"href":"https:\/\/le3324.com\/index.php\/wp-json\/wp\/v2\/types\/page"}],"author":[{"embeddable":true,"href":"https:\/\/le3324.com\/index.php\/wp-json\/wp\/v2\/users\/1"}],"replies":[{"embeddable":true,"href":"https:\/\/le3324.com\/index.php\/wp-json\/wp\/v2\/comments?post=9411"}],"version-history":[{"count":48,"href":"https:\/\/le3324.com\/index.php\/wp-json\/wp\/v2\/pages\/9411\/revisions"}],"predecessor-version":[{"id":9490,"href":"https:\/\/le3324.com\/index.php\/wp-json\/wp\/v2\/pages\/9411\/revisions\/9490"}],"wp:attachment":[{"href":"https:\/\/le3324.com\/index.php\/wp-json\/wp\/v2\/media?parent=9411"}],"curies":[{"name":"wp","href":"https:\/\/api.w.org\/{rel}","templated":true}]}}